{"id":1687,"date":"2024-01-09T17:28:14","date_gmt":"2024-01-09T16:28:14","guid":{"rendered":"https:\/\/dev.cilantro.pl\/?page_id=1687"},"modified":"2024-02-07T21:00:34","modified_gmt":"2024-02-07T20:00:34","slug":"new-home","status":"publish","type":"page","link":"https:\/\/dev.cilantro.pl\/de\/new-home\/","title":{"rendered":"New Home"},"content":{"rendered":"<p>[et_pb_section fb_built=&#8220;1&#8243; admin_label=&#8220;Section&#8220; _builder_version=&#8220;4.23.1&#8243; _module_preset=&#8220;default&#8220; width=&#8220;100%&#8220; height=&#8220;100%&#8220; custom_margin=&#8220;0px|0px|-70px|0px|false|true&#8220; custom_padding=&#8220;0px|0px|0px|0px|true|true&#8220; hover_enabled=&#8220;0&#8243; global_colors_info=&#8220;{}&#8220; sticky_enabled=&#8220;0&#8243;][et_pb_row column_structure=&#8220;1_2,1_2&#8243; make_equal=&#8220;on&#8220; _builder_version=&#8220;4.23.1&#8243; _module_preset=&#8220;default&#8220; width=&#8220;100%&#8220; max_width=&#8220;2560px&#8220; min_height=&#8220;512px&#8220; custom_margin=&#8220;0px|0px|0px|0px|true|true&#8220; custom_padding=&#8220;0px|0px|0px|0px|true|true&#8220; hover_enabled=&#8220;0&#8243; global_colors_info=&#8220;{}&#8220; sticky_enabled=&#8220;0&#8243; title_text=&#8220;pm_slider_04&#8243; background_image=&#8220;https:\/\/dev.cilantro.pl\/wp-content\/uploads\/2016\/04\/pm_slider_04.jpg&#8220;][et_pb_column type=&#8220;1_2&#8243; _builder_version=&#8220;4.23.1&#8243; _module_preset=&#8220;default&#8220; background_image=&#8220;https:\/\/dev.cilantro.pl\/wp-content\/uploads\/2024\/02\/bg_cilantro_wroclaw_b.jpg&#8220; custom_padding=&#8220;10%|10%|10%|10%|true|true&#8220; hover_enabled=&#8220;0&#8243; global_colors_info=&#8220;{}&#8220; sticky_enabled=&#8220;0&#8243; title_text=&#8220;bg_cilantro_wroclaw_b&#8220; background_color=&#8220;rgba(2,2,2,0.44)&#8220; border_color_all=&#8220;#FFFFFF&#8220; border_style_all=&#8220;none&#8220;][et_pb_image src=&#8220;https:\/\/dev.cilantro.pl\/wp-content\/uploads\/2016\/04\/logo.png&#8220; _builder_version=&#8220;4.23.1&#8243; _module_preset=&#8220;default&#8220; title_text=&#8220;logo&#8220; hover_enabled=&#8220;0&#8243; sticky_enabled=&#8220;0&#8243; align=&#8220;center&#8220; admin_label=&#8220;Image&#8220; max_width=&#8220;100%&#8220; width=&#8220;326px&#8220;][\/et_pb_image][et_pb_cta title=&#8220;%91:pl%93Wroc\u0142aw%91:%93%91:en%93WrocLaw%91:%93%91:de%93Breslau%91:%93&#8243; button_url=&#8220;https:\/\/dev.cilantro.pl\/pokoje\/&#8220; button_text=&#8220;Booking&#8220; _builder_version=&#8220;4.23.1&#8243; _module_preset=&#8220;default&#8220; header_font=&#8220;|800||on|||||&#8220; custom_padding=&#8220;||||true|true&#8220; hover_enabled=&#8220;0&#8243; global_colors_info=&#8220;{}&#8220; admin_label=&#8220;Call To Action&#8220; use_background_color=&#8220;off&#8220; body_text_shadow_style=&#8220;preset1&#8243; header_text_shadow_style=&#8220;preset1&#8243; sticky_enabled=&#8220;0&#8243;][\/et_pb_cta][\/et_pb_column][et_pb_column type=&#8220;1_2&#8243; _builder_version=&#8220;4.23.1&#8243; _module_preset=&#8220;default&#8220; background_image=&#8220;https:\/\/dev.cilantro.pl\/wp-content\/uploads\/2024\/02\/bg_cilantro_wroclaw_c.jpg&#8220; custom_padding=&#8220;10%|10%|10%|10%|true|true&#8220; hover_enabled=&#8220;0&#8243; global_colors_info=&#8220;{}&#8220; title_text=&#8220;bg_cilantro_wroclaw_c&#8220; sticky_enabled=&#8220;0&#8243;][et_pb_image src=&#8220;https:\/\/dev.cilantro.pl\/wp-content\/uploads\/2024\/02\/Cilantro_apartments_360x250.png&#8220; _builder_version=&#8220;4.23.1&#8243; _module_preset=&#8220;default&#8220; title_text=&#8220;Cilantro_apartments_360x250&#8243; hover_enabled=&#8220;0&#8243; sticky_enabled=&#8220;0&#8243; admin_label=&#8220;Image&#8220; width=&#8220;150px&#8220; align=&#8220;center&#8220;][\/et_pb_image][et_pb_cta title=&#8220;%91:pl%93Szklarska Por\u0119ba%91:%93%91:en%93Szklarska Por\u0119ba%91:%93%91:de%93Szklarska Por\u0119ba%91:%93&#8243; button_url=&#8220;https:\/\/dev.cilantro.pl\/pokoje-w-gorach\/&#8220; button_text=&#8220;Booking&#8220; _builder_version=&#8220;4.23.1&#8243; _module_preset=&#8220;default&#8220; header_font=&#8220;|800||on|||||&#8220; custom_padding=&#8220;||||true|true&#8220; hover_enabled=&#8220;0&#8243; global_colors_info=&#8220;{}&#8220; admin_label=&#8220;Call To Action&#8220; use_background_color=&#8220;off&#8220; sticky_enabled=&#8220;0&#8243;][\/et_pb_cta][\/et_pb_column][\/et_pb_row][\/et_pb_section]<\/p>\n","protected":false},"excerpt":{"rendered":"","protected":false},"author":29,"featured_media":1563,"parent":0,"menu_order":0,"comment_status":"closed","ping_status":"closed","template":"","meta":{"_et_pb_use_builder":"on","_et_pb_old_content":"","_et_gb_content_width":"","footnotes":""},"_links":{"self":[{"href":"https:\/\/dev.cilantro.pl\/de\/wp-json\/wp\/v2\/pages\/1687"}],"collection":[{"href":"https:\/\/dev.cilantro.pl\/de\/wp-json\/wp\/v2\/pages"}],"about":[{"href":"https:\/\/dev.cilantro.pl\/de\/wp-json\/wp\/v2\/types\/page"}],"author":[{"embeddable":true,"href":"https:\/\/dev.cilantro.pl\/de\/wp-json\/wp\/v2\/users\/29"}],"replies":[{"embeddable":true,"href":"https:\/\/dev.cilantro.pl\/de\/wp-json\/wp\/v2\/comments?post=1687"}],"version-history":[{"count":42,"href":"https:\/\/dev.cilantro.pl\/de\/wp-json\/wp\/v2\/pages\/1687\/revisions"}],"predecessor-version":[{"id":1771,"href":"https:\/\/dev.cilantro.pl\/de\/wp-json\/wp\/v2\/pages\/1687\/revisions\/1771"}],"wp:featuredmedia":[{"embeddable":true,"href":"https:\/\/dev.cilantro.pl\/de\/wp-json\/wp\/v2\/media\/1563"}],"wp:attachment":[{"href":"https:\/\/dev.cilantro.pl\/de\/wp-json\/wp\/v2\/media?parent=1687"}],"curies":[{"name":"wp","href":"https:\/\/api.w.org\/{rel}","templated":true}]}}