{"id":701,"date":"2016-12-01T01:10:43","date_gmt":"2016-12-01T00:10:43","guid":{"rendered":"http:\/\/hotelcilantro.pl\/?page_id=701"},"modified":"2016-12-01T01:23:11","modified_gmt":"2016-12-01T00:23:11","slug":"kontakt","status":"publish","type":"page","link":"https:\/\/dev.cilantro.pl\/de\/kontakt\/","title":{"rendered":"Kontakt"},"content":{"rendered":"<p>[et_pb_section admin_label=&#8220;section&#8220; fullwidth=&#8220;on&#8220; specialty=&#8220;off&#8220; transparent_background=&#8220;off&#8220; background_color=&#8220;#ffffff&#8220; allow_player_pause=&#8220;off&#8220; inner_shadow=&#8220;off&#8220; parallax=&#8220;off&#8220; parallax_method=&#8220;off&#8220; padding_mobile=&#8220;off&#8220; make_fullwidth=&#8220;off&#8220; use_custom_width=&#8220;off&#8220; width_unit=&#8220;on&#8220; make_equal=&#8220;off&#8220; use_custom_gutter=&#8220;off&#8220; module_id=&#8220;pm_kontakt&#8220;][et_pb_fullwidth_code admin_label=&#8220;Kod w pe\u0142nej szeroko\u015bci&#8220;]&lt;iframe src=&quot;https:\/\/www.google.com\/maps\/embed?pb=!1m18!1m12!1m3!1d1252.184306164415!2d17.02915215831411!3d51.120108478489406!2m3!1f0!2f0!3f0!3m2!1i1024!2i768!4f13.1!3m3!1m2!1s0x470fe9e76edd8a01%3A0x96a8b11e9964b6a1!2sCilantro+Bed+%26+Breakfast!5e0!3m2!1sen!2spl!4v1461711545470&quot; width=&quot;100%&quot; height=&quot;580px&quot; frameborder=&quot;0&quot; style=&quot;border:0&quot; allowfullscreen&gt;&lt;\/iframe&gt;[\/et_pb_fullwidth_code][\/et_pb_section][et_pb_section admin_label=&#8220;section&#8220; fullwidth=&#8220;off&#8220; transparent_background=&#8220;off&#8220; background_color=&#8220;#ffffff&#8220; allow_player_pause=&#8220;off&#8220; inner_shadow=&#8220;off&#8220; parallax=&#8220;off&#8220; parallax_method=&#8220;off&#8220; padding_mobile=&#8220;off&#8220; make_fullwidth=&#8220;off&#8220; use_custom_width=&#8220;off&#8220; width_unit=&#8220;on&#8220; make_equal=&#8220;off&#8220; use_custom_gutter=&#8220;off&#8220;][et_pb_row admin_label=&#8220;row&#8220;][et_pb_column type=&#8220;1_2&#8243;][et_pb_text admin_label=&#8220;Text&#8220; background_layout=&#8220;light&#8220; text_orientation=&#8220;left&#8220; use_border_color=&#8220;off&#8220; border_color=&#8220;#ffffff&#8220; border_style=&#8220;solid&#8220;]<\/p>\n<h1 class=\"pm_custom_headers\">Lokalisierung<\/h1>\n<p>Cilantro Bed &amp; Breakfast befindet sich direkt im Stadtzentrum von Wroc\u0142aw. Die majest\u00e4tische Altstadt mit ihrer reichen Geschichte, ist nur einige Schritte von unserer Eingangst\u00fcr entfernt. Sehensw\u00fcrdigkeiten wie Ostr\u00f3w Tumski (Dominsel) und Stary Rynek (Alter Markt) sind lediglich einige Spazierminuten entfernt. Dar\u00fcber Hinaus befindet sich Cilantro Bed &amp; Breakfast in der Nachbarschaft zu einigen B\u00fcro- und Einkaufszentren. In der Umgebung befinden sich unter anderem: Galerie Dominika\u0144ska (Einkaufszentrum), Zeitgenosse Theater und viele hervorragende Restaurants.<\/p>\n<p><strong>Adresse:<\/strong><br \/>\nCilantro Bed &amp; Breakfast<br \/>\nPomorska 32\/26-29,<br \/>\n50-218 Wroc\u0142aw<\/p>\n<p><strong>Telefon:<\/strong>\u00a0+48 71 793 86 82<\/p>\n<p><strong>Email:<\/strong>\u00a0<a href=\"mailto:hotel@cilantro.pl\">hotel@cilantro.pl<\/a><\/p>\n<p>[\/et_pb_text][\/et_pb_column][et_pb_column type=&#8220;1_2&#8243;][et_pb_contact_form admin_label=&#8220;Contact Form&#8220; captcha=&#8220;on&#8220; title=&#8220;Kontaktformular&#8220; use_redirect=&#8220;off&#8220; input_border_radius=&#8220;0&#8243; use_border_color=&#8220;off&#8220; border_color=&#8220;#ffffff&#8220; border_style=&#8220;solid&#8220; custom_button=&#8220;on&#8220; button_border_width=&#8220;0&#8243; button_letter_spacing=&#8220;0&#8243; button_use_icon=&#8220;default&#8220; button_icon_placement=&#8220;left&#8220; button_on_hover=&#8220;on&#8220; button_letter_spacing_hover=&#8220;0&#8243; success_message=&#8220;Wiadomo\u015b\u0107 wys\u0142ana dzi\u0119kujemy&#8220; button_text_color=&#8220;#ffffff&#8220; button_text_color_hover=&#8220;#cbaacc&#8220;]<\/p>\n<p>[et_pb_contact_field field_type=&#8220;input&#8220; field_id=&#8220;Name&#8220; required_mark=&#8220;on&#8220; fullwidth_field=&#8220;on&#8220; form_field_font_select=&#8220;default&#8220; form_field_font=&#8220;||||&#8220; use_border_color=&#8220;off&#8220; border_style=&#8220;solid&#8220; field_title=&#8220;Name&#8220;]<\/p>\n<p>&nbsp;<\/p>\n<p>[\/et_pb_contact_field][et_pb_contact_field field_type=&#8220;email&#8220; field_id=&#8220;Email&#8220; required_mark=&#8220;on&#8220; fullwidth_field=&#8220;on&#8220; form_field_font_select=&#8220;default&#8220; form_field_font=&#8220;||||&#8220; use_border_color=&#8220;off&#8220; border_style=&#8220;solid&#8220; field_title=&#8220;Email&#8220;] [\/et_pb_contact_field][et_pb_contact_field field_type=&#8220;input&#8220; field_id=&#8220;Telefon&#8220; required_mark=&#8220;off&#8220; fullwidth_field=&#8220;on&#8220; form_field_font_select=&#8220;default&#8220; form_field_font=&#8220;||||&#8220; use_border_color=&#8220;off&#8220; border_style=&#8220;solid&#8220; field_title=&#8220;Telefon&#8220;] [\/et_pb_contact_field][et_pb_contact_field field_type=&#8220;text&#8220; field_id=&#8220;Message&#8220; required_mark=&#8220;on&#8220; fullwidth_field=&#8220;on&#8220; form_field_font_select=&#8220;default&#8220; form_field_font=&#8220;||||&#8220; use_border_color=&#8220;off&#8220; border_style=&#8220;solid&#8220; field_title=&#8220;Message&#8220;] [\/et_pb_contact_field]<\/p>\n<p>[\/et_pb_contact_form][\/et_pb_column][\/et_pb_row][\/et_pb_section]<\/p>","protected":false},"excerpt":{"rendered":"<p>Lokalisierung Cilantro Bed &amp; Breakfast befindet sich direkt im Stadtzentrum von Wroc\u0142aw. Die majest\u00e4tische Altstadt mit ihrer reichen Geschichte, ist nur einige Schritte von unserer Eingangst\u00fcr entfernt. Sehensw\u00fcrdigkeiten wie Ostr\u00f3w Tumski (Dominsel) und Stary Rynek (Alter Markt) sind lediglich einige Spazierminuten entfernt. Dar\u00fcber Hinaus befindet sich Cilantro Bed &amp; Breakfast in der Nachbarschaft zu einigen [&hellip;]<\/p>\n","protected":false},"author":1,"featured_media":0,"parent":0,"menu_order":0,"comment_status":"closed","ping_status":"closed","template":"","meta":{"_et_pb_use_builder":"on","_et_pb_old_content":"","_et_gb_content_width":"","footnotes":""},"_links":{"self":[{"href":"https:\/\/dev.cilantro.pl\/de\/wp-json\/wp\/v2\/pages\/701"}],"collection":[{"href":"https:\/\/dev.cilantro.pl\/de\/wp-json\/wp\/v2\/pages"}],"about":[{"href":"https:\/\/dev.cilantro.pl\/de\/wp-json\/wp\/v2\/types\/page"}],"author":[{"embeddable":true,"href":"https:\/\/dev.cilantro.pl\/de\/wp-json\/wp\/v2\/users\/1"}],"replies":[{"embeddable":true,"href":"https:\/\/dev.cilantro.pl\/de\/wp-json\/wp\/v2\/comments?post=701"}],"version-history":[{"count":5,"href":"https:\/\/dev.cilantro.pl\/de\/wp-json\/wp\/v2\/pages\/701\/revisions"}],"predecessor-version":[{"id":718,"href":"https:\/\/dev.cilantro.pl\/de\/wp-json\/wp\/v2\/pages\/701\/revisions\/718"}],"wp:attachment":[{"href":"https:\/\/dev.cilantro.pl\/de\/wp-json\/wp\/v2\/media?parent=701"}],"curies":[{"name":"wp","href":"https:\/\/api.w.org\/{rel}","templated":true}]}}