{"id":1687,"date":"2024-01-09T17:28:14","date_gmt":"2024-01-09T16:28:14","guid":{"rendered":"https:\/\/dev.cilantro.pl\/?page_id=1687"},"modified":"2024-02-07T21:00:34","modified_gmt":"2024-02-07T20:00:34","slug":"new-home","status":"publish","type":"page","link":"https:\/\/dev.cilantro.pl\/en\/new-home\/","title":{"rendered":"New Home"},"content":{"rendered":"<p>[et_pb_section fb_built=&#8221;1&#8243; admin_label=&#8221;Section&#8221; _builder_version=&#8221;4.23.1&#8243; _module_preset=&#8221;default&#8221; width=&#8221;100%&#8221; height=&#8221;100%&#8221; custom_margin=&#8221;0px|0px|-70px|0px|false|true&#8221; custom_padding=&#8221;0px|0px|0px|0px|true|true&#8221; hover_enabled=&#8221;0&#8243; global_colors_info=&#8221;{}&#8221; sticky_enabled=&#8221;0&#8243;][et_pb_row column_structure=&#8221;1_2,1_2&#8243; make_equal=&#8221;on&#8221; _builder_version=&#8221;4.23.1&#8243; _module_preset=&#8221;default&#8221; width=&#8221;100%&#8221; max_width=&#8221;2560px&#8221; min_height=&#8221;512px&#8221; custom_margin=&#8221;0px|0px|0px|0px|true|true&#8221; custom_padding=&#8221;0px|0px|0px|0px|true|true&#8221; hover_enabled=&#8221;0&#8243; global_colors_info=&#8221;{}&#8221; sticky_enabled=&#8221;0&#8243; title_text=&#8221;pm_slider_04&#8243; background_image=&#8221;https:\/\/dev.cilantro.pl\/wp-content\/uploads\/2016\/04\/pm_slider_04.jpg&#8221;][et_pb_column type=&#8221;1_2&#8243; _builder_version=&#8221;4.23.1&#8243; _module_preset=&#8221;default&#8221; background_image=&#8221;https:\/\/dev.cilantro.pl\/wp-content\/uploads\/2024\/02\/bg_cilantro_wroclaw_b.jpg&#8221; custom_padding=&#8221;10%|10%|10%|10%|true|true&#8221; hover_enabled=&#8221;0&#8243; global_colors_info=&#8221;{}&#8221; sticky_enabled=&#8221;0&#8243; title_text=&#8221;bg_cilantro_wroclaw_b&#8221; background_color=&#8221;rgba(2,2,2,0.44)&#8221; border_color_all=&#8221;#FFFFFF&#8221; border_style_all=&#8221;none&#8221;][et_pb_image src=&#8221;https:\/\/dev.cilantro.pl\/wp-content\/uploads\/2016\/04\/logo.png&#8221; _builder_version=&#8221;4.23.1&#8243; _module_preset=&#8221;default&#8221; title_text=&#8221;logo&#8221; hover_enabled=&#8221;0&#8243; sticky_enabled=&#8221;0&#8243; align=&#8221;center&#8221; admin_label=&#8221;Image&#8221; max_width=&#8221;100%&#8221; width=&#8221;326px&#8221;][\/et_pb_image][et_pb_cta title=&#8221;%91:pl%93Wroc\u0142aw%91:%93%91:en%93WrocLaw%91:%93%91:de%93Breslau%91:%93&#8243; button_url=&#8221;https:\/\/dev.cilantro.pl\/pokoje\/&#8221; button_text=&#8221;Booking&#8221; _builder_version=&#8221;4.23.1&#8243; _module_preset=&#8221;default&#8221; header_font=&#8221;|800||on|||||&#8221; custom_padding=&#8221;||||true|true&#8221; hover_enabled=&#8221;0&#8243; global_colors_info=&#8221;{}&#8221; admin_label=&#8221;Call To Action&#8221; use_background_color=&#8221;off&#8221; body_text_shadow_style=&#8221;preset1&#8243; header_text_shadow_style=&#8221;preset1&#8243; sticky_enabled=&#8221;0&#8243;][\/et_pb_cta][\/et_pb_column][et_pb_column type=&#8221;1_2&#8243; _builder_version=&#8221;4.23.1&#8243; _module_preset=&#8221;default&#8221; background_image=&#8221;https:\/\/dev.cilantro.pl\/wp-content\/uploads\/2024\/02\/bg_cilantro_wroclaw_c.jpg&#8221; custom_padding=&#8221;10%|10%|10%|10%|true|true&#8221; hover_enabled=&#8221;0&#8243; global_colors_info=&#8221;{}&#8221; title_text=&#8221;bg_cilantro_wroclaw_c&#8221; sticky_enabled=&#8221;0&#8243;][et_pb_image src=&#8221;https:\/\/dev.cilantro.pl\/wp-content\/uploads\/2024\/02\/Cilantro_apartments_360x250.png&#8221; _builder_version=&#8221;4.23.1&#8243; _module_preset=&#8221;default&#8221; title_text=&#8221;Cilantro_apartments_360x250&#8243; hover_enabled=&#8221;0&#8243; sticky_enabled=&#8221;0&#8243; admin_label=&#8221;Image&#8221; width=&#8221;150px&#8221; align=&#8221;center&#8221;][\/et_pb_image][et_pb_cta title=&#8221;%91:pl%93Szklarska Por\u0119ba%91:%93%91:en%93Szklarska Por\u0119ba%91:%93%91:de%93Szklarska Por\u0119ba%91:%93&#8243; button_url=&#8221;https:\/\/dev.cilantro.pl\/pokoje-w-gorach\/&#8221; button_text=&#8221;Booking&#8221; _builder_version=&#8221;4.23.1&#8243; _module_preset=&#8221;default&#8221; header_font=&#8221;|800||on|||||&#8221; custom_padding=&#8221;||||true|true&#8221; hover_enabled=&#8221;0&#8243; global_colors_info=&#8221;{}&#8221; admin_label=&#8221;Call To Action&#8221; use_background_color=&#8221;off&#8221; sticky_enabled=&#8221;0&#8243;][\/et_pb_cta][\/et_pb_column][\/et_pb_row][\/et_pb_section]<\/p>\n","protected":false},"excerpt":{"rendered":"","protected":false},"author":29,"featured_media":1563,"parent":0,"menu_order":0,"comment_status":"closed","ping_status":"closed","template":"","meta":{"_et_pb_use_builder":"on","_et_pb_old_content":"","_et_gb_content_width":"","footnotes":""},"_links":{"self":[{"href":"https:\/\/dev.cilantro.pl\/en\/wp-json\/wp\/v2\/pages\/1687"}],"collection":[{"href":"https:\/\/dev.cilantro.pl\/en\/wp-json\/wp\/v2\/pages"}],"about":[{"href":"https:\/\/dev.cilantro.pl\/en\/wp-json\/wp\/v2\/types\/page"}],"author":[{"embeddable":true,"href":"https:\/\/dev.cilantro.pl\/en\/wp-json\/wp\/v2\/users\/29"}],"replies":[{"embeddable":true,"href":"https:\/\/dev.cilantro.pl\/en\/wp-json\/wp\/v2\/comments?post=1687"}],"version-history":[{"count":42,"href":"https:\/\/dev.cilantro.pl\/en\/wp-json\/wp\/v2\/pages\/1687\/revisions"}],"predecessor-version":[{"id":1771,"href":"https:\/\/dev.cilantro.pl\/en\/wp-json\/wp\/v2\/pages\/1687\/revisions\/1771"}],"wp:featuredmedia":[{"embeddable":true,"href":"https:\/\/dev.cilantro.pl\/en\/wp-json\/wp\/v2\/media\/1563"}],"wp:attachment":[{"href":"https:\/\/dev.cilantro.pl\/en\/wp-json\/wp\/v2\/media?parent=1687"}],"curies":[{"name":"wp","href":"https:\/\/api.w.org\/{rel}","templated":true}]}}