{"id":701,"date":"2016-12-01T01:10:43","date_gmt":"2016-12-01T00:10:43","guid":{"rendered":"http:\/\/hotelcilantro.pl\/?page_id=701"},"modified":"2016-12-01T01:23:11","modified_gmt":"2016-12-01T00:23:11","slug":"kontakt","status":"publish","type":"page","link":"https:\/\/dev.cilantro.pl\/en\/kontakt\/","title":{"rendered":"Contact"},"content":{"rendered":"<p>[et_pb_section admin_label=&#8221;section&#8221; fullwidth=&#8221;on&#8221; specialty=&#8221;off&#8221; transparent_background=&#8221;off&#8221; background_color=&#8221;#ffffff&#8221; allow_player_pause=&#8221;off&#8221; inner_shadow=&#8221;off&#8221; parallax=&#8221;off&#8221; parallax_method=&#8221;off&#8221; padding_mobile=&#8221;off&#8221; make_fullwidth=&#8221;off&#8221; use_custom_width=&#8221;off&#8221; width_unit=&#8221;on&#8221; make_equal=&#8221;off&#8221; use_custom_gutter=&#8221;off&#8221; module_id=&#8221;pm_kontakt&#8221;][et_pb_fullwidth_code admin_label=&#8221;Kod w pe\u0142nej szeroko\u015bci&#8221;]&lt;iframe src=&quot;https:\/\/www.google.com\/maps\/embed?pb=!1m18!1m12!1m3!1d1252.184306164415!2d17.02915215831411!3d51.120108478489406!2m3!1f0!2f0!3f0!3m2!1i1024!2i768!4f13.1!3m3!1m2!1s0x470fe9e76edd8a01%3A0x96a8b11e9964b6a1!2sCilantro+Bed+%26+Breakfast!5e0!3m2!1sen!2spl!4v1461711545470&quot; width=&quot;100%&quot; height=&quot;580px&quot; frameborder=&quot;0&quot; style=&quot;border:0&quot; allowfullscreen&gt;&lt;\/iframe&gt;[\/et_pb_fullwidth_code][\/et_pb_section][et_pb_section admin_label=&#8221;section&#8221; fullwidth=&#8221;off&#8221; transparent_background=&#8221;off&#8221; background_color=&#8221;#ffffff&#8221; allow_player_pause=&#8221;off&#8221; inner_shadow=&#8221;off&#8221; parallax=&#8221;off&#8221; parallax_method=&#8221;off&#8221; padding_mobile=&#8221;off&#8221; make_fullwidth=&#8221;off&#8221; use_custom_width=&#8221;off&#8221; width_unit=&#8221;on&#8221; make_equal=&#8221;off&#8221; use_custom_gutter=&#8221;off&#8221;][et_pb_row admin_label=&#8221;row&#8221;][et_pb_column type=&#8221;1_2&#8243;][et_pb_text admin_label=&#8221;Text&#8221; background_layout=&#8221;light&#8221; text_orientation=&#8221;left&#8221; use_border_color=&#8221;off&#8221; border_color=&#8221;#ffffff&#8221; border_style=&#8221;solid&#8221;]<\/p>\n<h1 class=\"pm_custom_headers\">Location<\/h1>\n<p>Cilantro Bed &amp; Breakfast is located in the center of the city. Our excellent location makes the whole rich history and majesty of the Old Town just a step away from our door. Sights such as Cathedral Island and the Old Market are just a few minutes\u2019 walk away. In addition, Cilantro Bed &amp; Breakfast is located in the vicinity of shopping centers, offices and service. The area includes, among other things: Dominican Gallery, Modern Theater and many fine restaurants..<\/p>\n<p><strong>Address:<\/strong><br \/>\nCilantro Bed &amp; Breakfast<br \/>\nPomorska 32\/26-29,<br \/>\n50-218 Wroc\u0142aw<\/p>\n<p><strong>Phone:<\/strong>\u00a0+48 71 793 86 82<\/p>\n<p><strong>Email:<\/strong>\u00a0<a href=\"mailto:hotel@cilantro.pl\">hotel@cilantro.pl<\/a><\/p>\n<p>[\/et_pb_text][\/et_pb_column][et_pb_column type=&#8221;1_2&#8243;][et_pb_contact_form admin_label=&#8221;Contact Form&#8221; captcha=&#8221;on&#8221; title=&#8221;Formularz Kontaktowy&#8221; use_redirect=&#8221;off&#8221; input_border_radius=&#8221;0&#8243; use_border_color=&#8221;off&#8221; border_color=&#8221;#ffffff&#8221; border_style=&#8221;solid&#8221; custom_button=&#8221;on&#8221; button_border_width=&#8221;0&#8243; button_letter_spacing=&#8221;0&#8243; button_use_icon=&#8221;default&#8221; button_icon_placement=&#8221;left&#8221; button_on_hover=&#8221;on&#8221; button_letter_spacing_hover=&#8221;0&#8243; success_message=&#8221;Wiadomo\u015b\u0107 wys\u0142ana dzi\u0119kujemy&#8221; button_text_color=&#8221;#ffffff&#8221; button_text_color_hover=&#8221;#cbaacc&#8221;]<\/p>\n<p>[et_pb_contact_field field_title=&#8221;Name&#8221; field_type=&#8221;input&#8221; field_id=&#8221;Name&#8221; required_mark=&#8221;on&#8221; fullwidth_field=&#8221;on&#8221; form_field_font_select=&#8221;default&#8221; form_field_font=&#8221;||||&#8221; use_border_color=&#8221;off&#8221; border_style=&#8221;solid&#8221;] [\/et_pb_contact_field][et_pb_contact_field field_title=&#8221;Email&#8221; field_type=&#8221;email&#8221; field_id=&#8221;Email&#8221; required_mark=&#8221;on&#8221; fullwidth_field=&#8221;on&#8221; form_field_font_select=&#8221;default&#8221; form_field_font=&#8221;||||&#8221; use_border_color=&#8221;off&#8221; border_style=&#8221;solid&#8221;] [\/et_pb_contact_field][et_pb_contact_field field_title=&#8221;Phone&#8221; field_type=&#8221;input&#8221; field_id=&#8221;Telefon&#8221; required_mark=&#8221;off&#8221; fullwidth_field=&#8221;on&#8221; form_field_font_select=&#8221;default&#8221; form_field_font=&#8221;||||&#8221; use_border_color=&#8221;off&#8221; border_style=&#8221;solid&#8221;] [\/et_pb_contact_field][et_pb_contact_field field_title=&#8221;Message&#8221; field_type=&#8221;text&#8221; field_id=&#8221;Message&#8221; required_mark=&#8221;on&#8221; fullwidth_field=&#8221;on&#8221; form_field_font_select=&#8221;default&#8221; form_field_font=&#8221;||||&#8221; use_border_color=&#8221;off&#8221; border_style=&#8221;solid&#8221;] [\/et_pb_contact_field]<\/p>\n<p>[\/et_pb_contact_form][\/et_pb_column][\/et_pb_row][\/et_pb_section]<\/p>","protected":false},"excerpt":{"rendered":"<p>Location Cilantro Bed &amp; Breakfast is located in the center of the city. Our excellent location makes the whole rich history and majesty of the Old Town just a step away from our door. Sights such as Cathedral Island and the Old Market are just a few minutes\u2019 walk away. In addition, Cilantro Bed &amp; [&hellip;]<\/p>\n","protected":false},"author":1,"featured_media":0,"parent":0,"menu_order":0,"comment_status":"closed","ping_status":"closed","template":"","meta":{"_et_pb_use_builder":"on","_et_pb_old_content":"","_et_gb_content_width":"","footnotes":""},"_links":{"self":[{"href":"https:\/\/dev.cilantro.pl\/en\/wp-json\/wp\/v2\/pages\/701"}],"collection":[{"href":"https:\/\/dev.cilantro.pl\/en\/wp-json\/wp\/v2\/pages"}],"about":[{"href":"https:\/\/dev.cilantro.pl\/en\/wp-json\/wp\/v2\/types\/page"}],"author":[{"embeddable":true,"href":"https:\/\/dev.cilantro.pl\/en\/wp-json\/wp\/v2\/users\/1"}],"replies":[{"embeddable":true,"href":"https:\/\/dev.cilantro.pl\/en\/wp-json\/wp\/v2\/comments?post=701"}],"version-history":[{"count":5,"href":"https:\/\/dev.cilantro.pl\/en\/wp-json\/wp\/v2\/pages\/701\/revisions"}],"predecessor-version":[{"id":718,"href":"https:\/\/dev.cilantro.pl\/en\/wp-json\/wp\/v2\/pages\/701\/revisions\/718"}],"wp:attachment":[{"href":"https:\/\/dev.cilantro.pl\/en\/wp-json\/wp\/v2\/media?parent=701"}],"curies":[{"name":"wp","href":"https:\/\/api.w.org\/{rel}","templated":true}]}}